{"id":393,"date":"2023-09-06T10:11:24","date_gmt":"2023-09-06T10:11:24","guid":{"rendered":"https:\/\/immediateedge.claims\/?page_id=393"},"modified":"2025-04-22T12:09:15","modified_gmt":"2025-04-22T12:09:15","slug":"datenschutzrichtlinie","status":"publish","type":"page","link":"https:\/\/immediateedge.claims\/de\/privacy-policy\/","title":{"rendered":"Datenschutzrichtlinie"},"content":{"rendered":"<div data-elementor-type=\"wp-page\" data-elementor-id=\"393\" class=\"elementor elementor-393\" data-elementor-post-type=\"page\">\n\t\t\t\t<div class=\"elementor-element elementor-element-8f3dcec e-flex e-con-boxed e-con e-parent\" data-id=\"8f3dcec\" data-element_type=\"container\" data-e-type=\"container\" data-settings=\"{&quot;background_background&quot;:&quot;classic&quot;}\">\n\t\t\t\t\t<div class=\"e-con-inner\">\n\t\t<div class=\"elementor-element elementor-element-16039ef e-con-full e-flex e-con e-child\" data-id=\"16039ef\" data-element_type=\"container\" data-e-type=\"container\">\n\t\t\t\t<div class=\"elementor-element elementor-element-d9b7d88 elementor-widget elementor-widget-spacer\" data-id=\"d9b7d88\" data-element_type=\"widget\" data-e-type=\"widget\" data-widget_type=\"spacer.default\">\n\t\t\t\t<div class=\"elementor-widget-container\">\n\t\t\t\t\t\t\t<div class=\"elementor-spacer\">\n\t\t\t<div class=\"elementor-spacer-inner\"><\/div>\n\t\t<\/div>\n\t\t\t\t\t\t<\/div>\n\t\t\t\t<\/div>\n\t\t\t\t<div class=\"elementor-element elementor-element-eeeaba4 animated-slow elementor-widget elementor-widget-heading\" data-id=\"eeeaba4\" data-element_type=\"widget\" data-e-type=\"widget\" data-settings=\"{&quot;_animation&quot;:&quot;none&quot;}\" data-widget_type=\"heading.default\">\n\t\t\t\t<div class=\"elementor-widget-container\">\n\t\t\t\t\t<h1 class=\"elementor-heading-title elementor-size-default\">\nDatenschutzrichtlinie<\/h1>\t\t\t\t<\/div>\n\t\t\t\t<\/div>\n\t\t\t\t<div class=\"elementor-element elementor-element-14e7644 elementor-widget elementor-widget-text-editor\" data-id=\"14e7644\" data-element_type=\"widget\" data-e-type=\"widget\" data-settings=\"{&quot;_animation&quot;:&quot;none&quot;}\" data-widget_type=\"text-editor.default\">\n\t\t\t\t<div class=\"elementor-widget-container\">\n\t\t\t\t\t\t\t\t\t<p>Wenn Sie auf \u201eWeiter\u201c klicken, erteilen Sie uns die Erlaubnis, Ihnen E-Mails mit unseren Angeboten zu senden. Wenn Sie keine weiteren E-Mails mehr erhalten m\u00f6chten, k\u00f6nnen Sie sich jederzeit abmelden, indem Sie den Abmeldelink unten in jeder E-Mail verwenden.<\/p><p>Unsere Software legt gro\u00dfen Wert auf die Privatsph\u00e4re jedes Einzelnen, der unsere Websites besucht. Diese Datenschutzrichtlinie dient als Hinweis auf die Standards und Bedingungen, unter denen wir die Privatsph\u00e4re der von Besuchern von Websites im World Wide Web bereitgestellten Informationen sch\u00fctzen, die uns geh\u00f6ren und von uns verwaltet werden, einschlie\u00dflich unserer Software und zugeh\u00f6riger Dienste. Diese Datenschutzrichtlinie soll Sie \u00fcber unsere Datenerfassungspraktiken und die Verwendung Ihrer Informationen informieren. Bitte beachten Sie, dass diese Richtlinie regelm\u00e4\u00dfig ge\u00e4ndert werden kann. Wir empfehlen Ihnen daher, diese Informationen regelm\u00e4\u00dfig auf Aktualisierungen zu \u00fcberpr\u00fcfen.<\/p>\t\t\t\t\t\t\t\t<\/div>\n\t\t\t\t<\/div>\n\t\t\t\t<div class=\"elementor-element elementor-element-991188c animated-slow elementor-widget elementor-widget-heading\" data-id=\"991188c\" data-element_type=\"widget\" data-e-type=\"widget\" data-settings=\"{&quot;_animation&quot;:&quot;none&quot;}\" data-widget_type=\"heading.default\">\n\t\t\t\t<div class=\"elementor-widget-container\">\n\t\t\t\t\t<h1 class=\"elementor-heading-title elementor-size-default\">\nVon uns erfasste Daten\n<\/h1>\t\t\t\t<\/div>\n\t\t\t\t<\/div>\n\t\t\t\t<div class=\"elementor-element elementor-element-ccfd7a8 elementor-widget elementor-widget-text-editor\" data-id=\"ccfd7a8\" data-element_type=\"widget\" data-e-type=\"widget\" data-settings=\"{&quot;_animation&quot;:&quot;none&quot;}\" data-widget_type=\"text-editor.default\">\n\t\t\t\t<div class=\"elementor-widget-container\">\n\t\t\t\t\t\t\t\t\t<p>Die pers\u00f6nlichen Daten, die Sie angeben m\u00fcssen, und die Gr\u00fcnde, warum Sie dazu aufgefordert werden, werden Ihnen zum Zeitpunkt der Aufforderung zur Angabe Ihrer pers\u00f6nlichen Daten klar mitgeteilt. Wenn Sie uns direkt kontaktieren, erhalten wir m\u00f6glicherweise zus\u00e4tzliche Informationen \u00fcber Sie, wie Ihren Namen, Ihre E-Mail-Adresse, Ihre Telefonnummer, den Inhalt der Nachricht und\/oder Anh\u00e4nge, die Sie uns senden, und alle anderen Informationen, die Sie uns m\u00f6glicherweise zur Verf\u00fcgung stellen. Wenn Sie sich f\u00fcr ein Konto registrieren, fragen wir Sie m\u00f6glicherweise nach Ihren Kontaktinformationen, einschlie\u00dflich Angaben wie Name, Firmenname, Adresse, E-Mail-Adresse und Telefonnummer.<\/p>\t\t\t\t\t\t\t\t<\/div>\n\t\t\t\t<\/div>\n\t\t\t\t<div class=\"elementor-element elementor-element-1dc72c9 animated-slow elementor-widget elementor-widget-heading\" data-id=\"1dc72c9\" data-element_type=\"widget\" data-e-type=\"widget\" data-settings=\"{&quot;_animation&quot;:&quot;none&quot;}\" data-widget_type=\"heading.default\">\n\t\t\t\t<div class=\"elementor-widget-container\">\n\t\t\t\t\t<h2 class=\"elementor-heading-title elementor-size-default\">A. Pers\u00f6nlich identifizierbare Informationen:<\/h2>\t\t\t\t<\/div>\n\t\t\t\t<\/div>\n\t\t\t\t<div class=\"elementor-element elementor-element-3e401dd elementor-widget elementor-widget-text-editor\" data-id=\"3e401dd\" data-element_type=\"widget\" data-e-type=\"widget\" data-settings=\"{&quot;_animation&quot;:&quot;none&quot;}\" data-widget_type=\"text-editor.default\">\n\t\t\t\t<div class=\"elementor-widget-container\">\n\t\t\t\t\t\t\t\t\t<p>Die Software erfasst in der Regel bestimmte Daten von Website-Besuchern, wenn diese freiwillig bereitgestellt werden. Dies kann geschehen, wenn Besucher Informationen anfordern, Eink\u00e4ufe t\u00e4tigen, sich f\u00fcr Dienste anmelden, Kundensupport-Tickets \u00f6ffnen, Lebensl\u00e4ufe f\u00fcr Besch\u00e4ftigungsm\u00f6glichkeiten einreichen oder E-Mails senden. Einige Aktivit\u00e4ten erfordern die Bereitstellung von Informationen, z. B. beim T\u00e4tigen eines Einkaufs, bei der Verwendung einer Kreditkarte zur Zahlung, beim Einreichen eines Lebenslaufs oder beim Anfordern bestimmter Arten von Informationen. Wenn der Software \u00fcber ihre Websites personenbezogene Daten bereitgestellt werden, werden diese verwendet, um bestimmte Anfragen zu erf\u00fcllen. In den meisten F\u00e4llen haben Besucher die M\u00f6glichkeit zu w\u00e4hlen, ob die Software diese Informationen f\u00fcr zus\u00e4tzliche Zwecke verwenden soll. Dar\u00fcber hinaus k\u00f6nnen Besucher verlangen, dass die Software ihre Informationen nicht verwendet, indem sie sich an support@fxrevenge.net wenden. Die Software beh\u00e4lt sich jedoch das Recht vor, nach eigenem Ermessen Bulletins und wichtige Informationen zu Diensten zu senden. In Ermangelung spezifischer Anweisungen kann die Software die bereitgestellten Informationen verwenden, um Besucher \u00fcber zus\u00e4tzliche Dienste und Produkte zu informieren, die von der Unternehmensgruppe der Software, autorisierten Vertretern und verbundenen Dienstanbietern angeboten werden. Die Software verkauft oder tauscht keine personenbezogenen Daten, es sei denn, dies ist autorisiert oder gesetzlich vorgeschrieben oder in F\u00e4llen drohender k\u00f6rperlicher Sch\u00e4den f\u00fcr den Besucher oder andere. Auf Websites, auf denen Besucher Kreditkarten- oder andere Bestellinformationen online angeben k\u00f6nnen, verwendet die Software standardm\u00e4\u00dfige webbasierte Sicherheits- und Verschl\u00fcsselungsprotokolle, darunter Secure Socket Layer (SSL) und Secure Electronic Transaction (SET), um diese Informationen zu sch\u00fctzen und zu sichern. Auf Websites, auf denen Besucher freiwillig Feedback, Daten, Antworten, Fragen, Kommentare, Vorschl\u00e4ge, Ideen oder \u00e4hnliche Informationen angeben, betrachtet die Software diesen Teil der Informationen als nicht vertraulich und nicht urheberrechtlich gesch\u00fctzt. Sofern in dieser Datenschutzrichtlinie nicht anders angegeben, \u00fcbernimmt die Software keine Verpflichtung, diese Informationen vor Offenlegung zu sch\u00fctzen.<\/p><p>Bitte beachten Sie, dass die in diesen Materialien bereitgestellten Beispiele nicht als Versprechen oder Garantie f\u00fcr Gewinne interpretiert werden sollten. Das Verdienstpotenzial h\u00e4ngt vollst\u00e4ndig von der Person ab, die das Produkt, die Ideen und Techniken verwendet, und von dem Aufwand, den sie daf\u00fcr betreibt. Dies sollte nicht als \u201eSchneller-reich-werden-Programm\u201c verstanden werden.<\/p>\t\t\t\t\t\t\t\t<\/div>\n\t\t\t\t<\/div>\n\t\t\t\t<div class=\"elementor-element elementor-element-48bc54d animated-slow elementor-widget elementor-widget-heading\" data-id=\"48bc54d\" data-element_type=\"widget\" data-e-type=\"widget\" data-settings=\"{&quot;_animation&quot;:&quot;none&quot;}\" data-widget_type=\"heading.default\">\n\t\t\t\t<div class=\"elementor-widget-container\">\n\t\t\t\t\t<h2 class=\"elementor-heading-title elementor-size-default\">B. Nicht pers\u00f6nlich identifizierbare (generische) Informationen:<\/h2>\t\t\t\t<\/div>\n\t\t\t\t<\/div>\n\t\t\t\t<div class=\"elementor-element elementor-element-1a47b6d elementor-widget elementor-widget-text-editor\" data-id=\"1a47b6d\" data-element_type=\"widget\" data-e-type=\"widget\" data-settings=\"{&quot;_animation&quot;:&quot;none&quot;}\" data-widget_type=\"text-editor.default\">\n\t\t\t\t<div class=\"elementor-widget-container\">\n\t\t\t\t\t\t\t\t\t<p>Die Software sammelt automatisch einige allgemeine Informationen, die die Identit\u00e4t des Besuchers nicht preisgeben. Diese Informationen umfassen normalerweise Details \u00fcber die dem Computer des Besuchers zugewiesene Internetadresse, die Anzahl und H\u00e4ufigkeit der Besucher und die besuchten Websites der Software. Der Zweck der Erfassung dieser Informationen besteht darin, den Kundendienst und die Anforderungen der Website zu bewerten. Zu diesem Zweck verwendet die Software verschiedene Technologien, darunter \u201eCookies\u201c, mit denen Besucher ma\u00dfgeschneiderte Informationen \u00fcber die Dienste der Software erhalten k\u00f6nnen. Es ist wichtig zu beachten, dass die Software diese gesammelten Informationen nicht mit personenbezogenen Daten kombiniert. Besucher haben die M\u00f6glichkeit, ihre Browser so zu konfigurieren, dass sie beim Empfang eines Cookies benachrichtigt werden, und k\u00f6nnen dies ablehnen.<\/p>\t\t\t\t\t\t\t\t<\/div>\n\t\t\t\t<\/div>\n\t\t\t\t<div class=\"elementor-element elementor-element-7f6bd05 animated-slow elementor-widget elementor-widget-heading\" data-id=\"7f6bd05\" data-element_type=\"widget\" data-e-type=\"widget\" data-settings=\"{&quot;_animation&quot;:&quot;none&quot;}\" data-widget_type=\"heading.default\">\n\t\t\t\t<div class=\"elementor-widget-container\">\n\t\t\t\t\t<h2 class=\"elementor-heading-title elementor-size-default\">\nC. Ihre auf der Software gehostete Website, Ihr Server, Ihre Bulletin Boards, Ihr Forum und Websites Dritter:<\/h2>\t\t\t\t<\/div>\n\t\t\t\t<\/div>\n\t\t\t\t<div class=\"elementor-element elementor-element-d8ff337 elementor-widget elementor-widget-text-editor\" data-id=\"d8ff337\" data-element_type=\"widget\" data-e-type=\"widget\" data-settings=\"{&quot;_animation&quot;:&quot;none&quot;}\" data-widget_type=\"text-editor.default\">\n\t\t\t\t<div class=\"elementor-widget-container\">\n\t\t\t\t\t\t\t\t\t<p>Informationen, die Sie in einem \u00f6ffentlichen Bereich wie einem schwarzen Brett, einem Chatroom oder einer von der Software als Teil Ihrer Softwaredienste gehosteten Website teilen, sind f\u00fcr jeden anderen zug\u00e4nglich, der auf diesen Bereich zugreift. Die Software kann die Sicherheit der Informationen, die Sie in diesen Bereichen preisgeben, nicht garantieren. Dar\u00fcber hinaus k\u00f6nnen die Websites der Software Links zu Websites von Drittanbietern enthalten, die nicht mit der Software verbunden sind. Die Software kann den Schutz der Informationen, die Sie auf diesen externen Websites preisgeben, nicht gew\u00e4hrleisten und empfiehlt Ihnen, die Datenschutzbestimmungen dieser Websites zu lesen, bevor Sie sie besuchen.<\/p>\t\t\t\t\t\t\t\t<\/div>\n\t\t\t\t<\/div>\n\t\t\t\t<div class=\"elementor-element elementor-element-4ddf5dd animated-slow elementor-widget elementor-widget-heading\" data-id=\"4ddf5dd\" data-element_type=\"widget\" data-e-type=\"widget\" data-settings=\"{&quot;_animation&quot;:&quot;none&quot;}\" data-widget_type=\"heading.default\">\n\t\t\t\t<div class=\"elementor-widget-container\">\n\t\t\t\t\t<h2 class=\"elementor-heading-title elementor-size-default\">D. Ausnahmen und Beschr\u00e4nkungen:<\/h2>\t\t\t\t<\/div>\n\t\t\t\t<\/div>\n\t\t\t\t<div class=\"elementor-element elementor-element-e8e20ef elementor-widget elementor-widget-text-editor\" data-id=\"e8e20ef\" data-element_type=\"widget\" data-e-type=\"widget\" data-settings=\"{&quot;_animation&quot;:&quot;none&quot;}\" data-widget_type=\"text-editor.default\">\n\t\t\t\t<div class=\"elementor-widget-container\">\n\t\t\t\t\t\t\t\t\t<p>Ungeachtet des Vorstehenden und in \u00dcbereinstimmung mit den geltenden Gesetzen (i) kooperiert die Software uneingeschr\u00e4nkt mit staatlichen, lokalen und bundesstaatlichen Beh\u00f6rden bei Untersuchungen im Zusammenhang mit Inhalten (einschlie\u00dflich pers\u00f6nlicher oder privater elektronischer Kommunikation, die an die Software \u00fcbermittelt wird) oder mutma\u00dflichen rechtswidrigen Aktivit\u00e4ten von Benutzern des Dienstes und (ii) unternimmt angemessene Schritte, um seine Eigentumsrechte zu sch\u00fctzen. Um eine solche Zusammenarbeit und Ma\u00dfnahmen zu erreichen und um geltendes Recht einzuhalten, kann die Software verpflichtet sein, personenbezogene Daten preiszugeben. Au\u00dferdem kann die Software verschiedene Kommunikationskan\u00e4le \u00fcberwachen, (i) um Gesetzen, Bestimmungen oder beh\u00f6rdlichen Anfragen nachzukommen, (ii) wenn eine solche Offenlegung f\u00fcr den Betrieb der Software notwendig oder angemessen ist, oder (iii) um die Rechte oder das Eigentum der Software oder anderer zu sch\u00fctzen. Im Falle eines m\u00f6glichen Verkaufs oder einer \u00dcbertragung ihrer Anteile an der Software und der Software und anderen Websites des Unternehmens beh\u00e4lt sich die Software das Recht vor, Ihre Daten (einschlie\u00dflich, aber nicht beschr\u00e4nkt auf Name, Adressdaten und andere Informationen, die Sie der Software bereitgestellt haben) an Dritte zu \u00fcbertragen oder zu verkaufen, die (i) auf Kommunikationsprodukte oder -dienste spezialisiert sind, (ii) erkl\u00e4rt sich damit einverstanden, die Interessen von The Software hinsichtlich der Pflege und des Schutzes der erfassten Informationen zu \u00fcbernehmen; und (iii) stimmt den in dieser Richtlinie dargelegten Verpflichtungen zu.<\/p>\t\t\t\t\t\t\t\t<\/div>\n\t\t\t\t<\/div>\n\t\t\t\t<div class=\"elementor-element elementor-element-15faa56 elementor-widget elementor-widget-spacer\" data-id=\"15faa56\" data-element_type=\"widget\" data-e-type=\"widget\" data-widget_type=\"spacer.default\">\n\t\t\t\t<div class=\"elementor-widget-container\">\n\t\t\t\t\t\t\t<div class=\"elementor-spacer\">\n\t\t\t<div class=\"elementor-spacer-inner\"><\/div>\n\t\t<\/div>\n\t\t\t\t\t\t<\/div>\n\t\t\t\t<\/div>\n\t\t\t\t<\/div>\n\t\t\t\t\t<\/div>\n\t\t\t\t<\/div>\n\t\t\t\t<\/div>","protected":false},"excerpt":{"rendered":"<p>Privacy Policy By clicking &#8220;Continue,&#8221; you are granting us permission to send you emails regarding our offers. If you decide not to receive further emails, you can always opt out at any time by using the unsubscribe link located at the bottom of each email. Our software highly values the privacy of every individual who [&hellip;]<\/p>\n","protected":false},"author":1,"featured_media":0,"parent":0,"menu_order":0,"comment_status":"closed","ping_status":"closed","template":"elementor_header_footer","meta":{"footnotes":""},"class_list":["post-393","page","type-page","status-publish","hentry"],"_links":{"self":[{"href":"https:\/\/immediateedge.claims\/de\/wp-json\/wp\/v2\/pages\/393","targetHints":{"allow":["GET"]}}],"collection":[{"href":"https:\/\/immediateedge.claims\/de\/wp-json\/wp\/v2\/pages"}],"about":[{"href":"https:\/\/immediateedge.claims\/de\/wp-json\/wp\/v2\/types\/page"}],"author":[{"embeddable":true,"href":"https:\/\/immediateedge.claims\/de\/wp-json\/wp\/v2\/users\/1"}],"replies":[{"embeddable":true,"href":"https:\/\/immediateedge.claims\/de\/wp-json\/wp\/v2\/comments?post=393"}],"version-history":[{"count":37,"href":"https:\/\/immediateedge.claims\/de\/wp-json\/wp\/v2\/pages\/393\/revisions"}],"predecessor-version":[{"id":1284,"href":"https:\/\/immediateedge.claims\/de\/wp-json\/wp\/v2\/pages\/393\/revisions\/1284"}],"wp:attachment":[{"href":"https:\/\/immediateedge.claims\/de\/wp-json\/wp\/v2\/media?parent=393"}],"curies":[{"name":"wp","href":"https:\/\/api.w.org\/{rel}","templated":true}]}}