{"id":393,"date":"2023-09-06T10:11:24","date_gmt":"2023-09-06T10:11:24","guid":{"rendered":"https:\/\/immediateedge.claims\/?page_id=393"},"modified":"2025-04-22T12:09:15","modified_gmt":"2025-04-22T12:09:15","slug":"politica-de-privacidad","status":"publish","type":"page","link":"https:\/\/immediateedge.claims\/es\/privacy-policy\/","title":{"rendered":"pol\u00edtica de privacidadss"},"content":{"rendered":"<div data-elementor-type=\"wp-page\" data-elementor-id=\"393\" class=\"elementor elementor-393\" data-elementor-post-type=\"page\">\n\t\t\t\t<div class=\"elementor-element elementor-element-8f3dcec e-flex e-con-boxed e-con e-parent\" data-id=\"8f3dcec\" data-element_type=\"container\" data-e-type=\"container\" data-settings=\"{&quot;background_background&quot;:&quot;classic&quot;}\">\n\t\t\t\t\t<div class=\"e-con-inner\">\n\t\t<div class=\"elementor-element elementor-element-16039ef e-con-full e-flex e-con e-child\" data-id=\"16039ef\" data-element_type=\"container\" data-e-type=\"container\">\n\t\t\t\t<div class=\"elementor-element elementor-element-d9b7d88 elementor-widget elementor-widget-spacer\" data-id=\"d9b7d88\" data-element_type=\"widget\" data-e-type=\"widget\" data-widget_type=\"spacer.default\">\n\t\t\t\t<div class=\"elementor-widget-container\">\n\t\t\t\t\t\t\t<div class=\"elementor-spacer\">\n\t\t\t<div class=\"elementor-spacer-inner\"><\/div>\n\t\t<\/div>\n\t\t\t\t\t\t<\/div>\n\t\t\t\t<\/div>\n\t\t\t\t<div class=\"elementor-element elementor-element-eeeaba4 animated-slow elementor-widget elementor-widget-heading\" data-id=\"eeeaba4\" data-element_type=\"widget\" data-e-type=\"widget\" data-settings=\"{&quot;_animation&quot;:&quot;none&quot;}\" data-widget_type=\"heading.default\">\n\t\t\t\t<div class=\"elementor-widget-container\">\n\t\t\t\t\t<h1 class=\"elementor-heading-title elementor-size-default\">\npol\u00edtica de privacidadss<\/h1>\t\t\t\t<\/div>\n\t\t\t\t<\/div>\n\t\t\t\t<div class=\"elementor-element elementor-element-14e7644 elementor-widget elementor-widget-text-editor\" data-id=\"14e7644\" data-element_type=\"widget\" data-e-type=\"widget\" data-settings=\"{&quot;_animation&quot;:&quot;none&quot;}\" data-widget_type=\"text-editor.default\">\n\t\t\t\t<div class=\"elementor-widget-container\">\n\t\t\t\t\t\t\t\t\t<p>Al hacer clic en \u201cContinuar\u201d, nos otorga permiso para enviarle correos electr\u00f3nicos sobre nuestras ofertas. Si decide no recibir m\u00e1s correos electr\u00f3nicos, siempre puede cancelar la suscripci\u00f3n en cualquier momento utilizando el enlace para cancelar la suscripci\u00f3n que se encuentra en la parte inferior de cada correo electr\u00f3nico.<\/p><p>Nuestro software valora mucho la privacidad de cada persona que visita nuestros sitios web. Esta declaraci\u00f3n de privacidad sirve como aviso de los est\u00e1ndares y condiciones bajo los cuales salvaguardamos la privacidad de la informaci\u00f3n proporcionada por los visitantes de los sitios web en la World Wide Web que son de nuestra propiedad y est\u00e1n administrados por nosotros, incluido nuestro software y los servicios relacionados. Esta declaraci\u00f3n de privacidad tiene como objetivo informarle sobre nuestras pr\u00e1cticas de recopilaci\u00f3n de datos y c\u00f3mo se puede utilizar su informaci\u00f3n. Tenga en cuenta que esta pol\u00edtica puede sufrir cambios peri\u00f3dicamente, por lo que le recomendamos que vuelva a consultar esta informaci\u00f3n peri\u00f3dicamente para obtener actualizaciones.<\/p>\t\t\t\t\t\t\t\t<\/div>\n\t\t\t\t<\/div>\n\t\t\t\t<div class=\"elementor-element elementor-element-991188c animated-slow elementor-widget elementor-widget-heading\" data-id=\"991188c\" data-element_type=\"widget\" data-e-type=\"widget\" data-settings=\"{&quot;_animation&quot;:&quot;none&quot;}\" data-widget_type=\"heading.default\">\n\t\t\t\t<div class=\"elementor-widget-container\">\n\t\t\t\t\t<h1 class=\"elementor-heading-title elementor-size-default\">\nInformaci\u00f3n que recopilamos\n<\/h1>\t\t\t\t<\/div>\n\t\t\t\t<\/div>\n\t\t\t\t<div class=\"elementor-element elementor-element-ccfd7a8 elementor-widget elementor-widget-text-editor\" data-id=\"ccfd7a8\" data-element_type=\"widget\" data-e-type=\"widget\" data-settings=\"{&quot;_animation&quot;:&quot;none&quot;}\" data-widget_type=\"text-editor.default\">\n\t\t\t\t<div class=\"elementor-widget-container\">\n\t\t\t\t\t\t\t\t\t<p>La informaci\u00f3n personal que se le solicita y las razones por las que se le solicita que la proporcione se le explicar\u00e1n claramente en el momento en que le solicitemos que proporcione su informaci\u00f3n personal. Si se comunica con nosotros directamente, es posible que recibamos informaci\u00f3n adicional sobre usted, como su nombre, direcci\u00f3n de correo electr\u00f3nico, n\u00famero de tel\u00e9fono, el contenido del mensaje o los archivos adjuntos que nos env\u00ede y cualquier otra informaci\u00f3n que elija proporcionar. Cuando se registra para obtener una cuenta, es posible que le pidamos su informaci\u00f3n de contacto, incluidos elementos como el nombre, el nombre de la empresa, la direcci\u00f3n, la direcci\u00f3n de correo electr\u00f3nico y el n\u00famero de tel\u00e9fono.<\/p>\t\t\t\t\t\t\t\t<\/div>\n\t\t\t\t<\/div>\n\t\t\t\t<div class=\"elementor-element elementor-element-1dc72c9 animated-slow elementor-widget elementor-widget-heading\" data-id=\"1dc72c9\" data-element_type=\"widget\" data-e-type=\"widget\" data-settings=\"{&quot;_animation&quot;:&quot;none&quot;}\" data-widget_type=\"heading.default\">\n\t\t\t\t<div class=\"elementor-widget-container\">\n\t\t\t\t\t<h2 class=\"elementor-heading-title elementor-size-default\">A. Informaci\u00f3n de identificaci\u00f3n personal:<\/h2>\t\t\t\t<\/div>\n\t\t\t\t<\/div>\n\t\t\t\t<div class=\"elementor-element elementor-element-3e401dd elementor-widget elementor-widget-text-editor\" data-id=\"3e401dd\" data-element_type=\"widget\" data-e-type=\"widget\" data-settings=\"{&quot;_animation&quot;:&quot;none&quot;}\" data-widget_type=\"text-editor.default\">\n\t\t\t\t<div class=\"elementor-widget-container\">\n\t\t\t\t\t\t\t\t\t<p>El Software normalmente recopila datos espec\u00edficos de los visitantes del sitio web cuando estos los proporcionan voluntariamente. Esto puede ocurrir cuando los visitantes solicitan informaci\u00f3n, realizan compras, se inscriben en servicios, abren tickets de soporte al cliente, env\u00edan curr\u00edculums para oportunidades de empleo o env\u00edan correos electr\u00f3nicos. Algunas actividades requieren el suministro de informaci\u00f3n, como cuando se realiza una compra, se utiliza una tarjeta de cr\u00e9dito para el pago, se env\u00eda un curr\u00edculum o se solicitan ciertos tipos de informaci\u00f3n. Cuando se proporciona informaci\u00f3n de identificaci\u00f3n personal al Software a trav\u00e9s de sus sitios web, se utiliza para cumplir con solicitudes espec\u00edficas. En la mayor\u00eda de los casos, a los visitantes se les da la opci\u00f3n de elegir si desean que el Software utilice esta informaci\u00f3n para fines adicionales. Adem\u00e1s, los visitantes pueden solicitar que el Software no utilice su informaci\u00f3n poni\u00e9ndose en contacto con support@fxrevenge.net. Sin embargo, el Software se reserva el derecho, a su discreci\u00f3n, de enviar boletines e informaci\u00f3n importante sobre los servicios. En ausencia de instrucciones espec\u00edficas, el Software puede utilizar la informaci\u00f3n proporcionada para informar a los visitantes sobre servicios y productos adicionales ofrecidos por la familia de empresas del Software, agentes autorizados y proveedores de servicios afiliados. El Software no vender\u00e1 ni comercializar\u00e1 informaci\u00f3n de identificaci\u00f3n personal a menos que est\u00e9 autorizado o sea requerido legalmente, o en casos de da\u00f1o f\u00edsico inminente al visitante u otras personas. En los sitios web donde los visitantes pueden proporcionar informaci\u00f3n de tarjetas de cr\u00e9dito u otra informaci\u00f3n de pedidos en l\u00ednea, el Software emplea protocolos de seguridad y cifrado basados \u200b\u200ben la web est\u00e1ndar, incluidos Secure Socket Layer (SSL) y Secure Electronic Transaction (SET), para proteger y asegurar esta informaci\u00f3n. En los sitios donde los visitantes brindan voluntariamente comentarios, datos, respuestas, preguntas, comentarios, sugerencias, ideas o informaci\u00f3n similar, el Software considera esa parte de la informaci\u00f3n como no confidencial y no propietaria. A menos que se indique lo contrario en esta declaraci\u00f3n de privacidad, el Software no asume ninguna obligaci\u00f3n de proteger dicha informaci\u00f3n contra su divulgaci\u00f3n.<\/p><p>Tenga en cuenta que los ejemplos que se ofrecen en estos materiales no deben interpretarse como una promesa o garant\u00eda de ganancias. El potencial de ganancias depende completamente de la persona que utilice el producto, las ideas, las t\u00e9cnicas y el esfuerzo que haga. Esto no debe percibirse como un \u201cplan para hacerse rico\u201d.<\/p>\t\t\t\t\t\t\t\t<\/div>\n\t\t\t\t<\/div>\n\t\t\t\t<div class=\"elementor-element elementor-element-48bc54d animated-slow elementor-widget elementor-widget-heading\" data-id=\"48bc54d\" data-element_type=\"widget\" data-e-type=\"widget\" data-settings=\"{&quot;_animation&quot;:&quot;none&quot;}\" data-widget_type=\"heading.default\">\n\t\t\t\t<div class=\"elementor-widget-container\">\n\t\t\t\t\t<h2 class=\"elementor-heading-title elementor-size-default\">B. Informaci\u00f3n no personalmente identificable (gen\u00e9rica):<\/h2>\t\t\t\t<\/div>\n\t\t\t\t<\/div>\n\t\t\t\t<div class=\"elementor-element elementor-element-1a47b6d elementor-widget elementor-widget-text-editor\" data-id=\"1a47b6d\" data-element_type=\"widget\" data-e-type=\"widget\" data-settings=\"{&quot;_animation&quot;:&quot;none&quot;}\" data-widget_type=\"text-editor.default\">\n\t\t\t\t<div class=\"elementor-widget-container\">\n\t\t\t\t\t\t\t\t\t<p>El Software recopila autom\u00e1ticamente cierta informaci\u00f3n gen\u00e9rica, que no revela la identidad del visitante. Esta informaci\u00f3n generalmente incluye detalles sobre la direcci\u00f3n de Internet asignada a la computadora del visitante, el n\u00famero y la frecuencia de los visitantes y los sitios visitados por el Software. El prop\u00f3sito de recopilar esta informaci\u00f3n es evaluar el servicio al cliente y los requisitos del sitio web. Para lograr esto, el Software emplea varias tecnolog\u00edas, incluidas las \"cookies\", que se pueden utilizar para proporcionar a los visitantes informaci\u00f3n personalizada sobre los servicios del Software. Es importante tener en cuenta que el Software no combina esta informaci\u00f3n recopilada con ninguna informaci\u00f3n de identificaci\u00f3n personal. Los visitantes tienen la opci\u00f3n de configurar sus navegadores para recibir notificaciones cuando reciben una cookie y pueden optar por rechazarla.<\/p>\t\t\t\t\t\t\t\t<\/div>\n\t\t\t\t<\/div>\n\t\t\t\t<div class=\"elementor-element elementor-element-7f6bd05 animated-slow elementor-widget elementor-widget-heading\" data-id=\"7f6bd05\" data-element_type=\"widget\" data-e-type=\"widget\" data-settings=\"{&quot;_animation&quot;:&quot;none&quot;}\" data-widget_type=\"heading.default\">\n\t\t\t\t<div class=\"elementor-widget-container\">\n\t\t\t\t\t<h2 class=\"elementor-heading-title elementor-size-default\">\nC. Su sitio web alojado en el software, servidor, tablones de anuncios, foro y sitios de terceros:<\/h2>\t\t\t\t<\/div>\n\t\t\t\t<\/div>\n\t\t\t\t<div class=\"elementor-element elementor-element-d8ff337 elementor-widget elementor-widget-text-editor\" data-id=\"d8ff337\" data-element_type=\"widget\" data-e-type=\"widget\" data-settings=\"{&quot;_animation&quot;:&quot;none&quot;}\" data-widget_type=\"text-editor.default\">\n\t\t\t\t<div class=\"elementor-widget-container\">\n\t\t\t\t\t\t\t\t\t<p>La informaci\u00f3n que usted comparte en un espacio p\u00fablico, como un tabl\u00f3n de anuncios, una sala de chat o un sitio web alojado por el Software como parte de sus servicios del Software, es accesible para cualquier otra persona que acceda a ese espacio. El Software no puede garantizar la seguridad de la informaci\u00f3n que usted revele en estas \u00e1reas. Adem\u00e1s, los sitios web del Software pueden contener enlaces a sitios de terceros que no est\u00e1n afiliados al Software. El Software no puede garantizar la protecci\u00f3n de la informaci\u00f3n que usted pueda divulgar en estos sitios externos y le sugiere que revise las declaraciones de pol\u00edtica de privacidad de esos sitios antes de visitarlos.<\/p>\t\t\t\t\t\t\t\t<\/div>\n\t\t\t\t<\/div>\n\t\t\t\t<div class=\"elementor-element elementor-element-4ddf5dd animated-slow elementor-widget elementor-widget-heading\" data-id=\"4ddf5dd\" data-element_type=\"widget\" data-e-type=\"widget\" data-settings=\"{&quot;_animation&quot;:&quot;none&quot;}\" data-widget_type=\"heading.default\">\n\t\t\t\t<div class=\"elementor-widget-container\">\n\t\t\t\t\t<h2 class=\"elementor-heading-title elementor-size-default\">D. Excepciones y limitaciones:<\/h2>\t\t\t\t<\/div>\n\t\t\t\t<\/div>\n\t\t\t\t<div class=\"elementor-element elementor-element-e8e20ef elementor-widget elementor-widget-text-editor\" data-id=\"e8e20ef\" data-element_type=\"widget\" data-e-type=\"widget\" data-settings=\"{&quot;_animation&quot;:&quot;none&quot;}\" data-widget_type=\"text-editor.default\">\n\t\t\t\t<div class=\"elementor-widget-container\">\n\t\t\t\t\t\t\t\t\t<p>A pesar de lo anterior, y de conformidad con las leyes pertinentes, The Software (i) coopera plenamente con las autoridades estatales, locales y federales en cualquier investigaci\u00f3n relacionada con cualquier contenido (incluidas las comunicaciones electr\u00f3nicas personales o privadas transmitidas a The Software) o presuntas actividades ilegales de cualquier usuario del Servicio, y (ii) toma medidas razonables para salvaguardar sus derechos de propiedad. Para lograr dicha cooperaci\u00f3n y medidas y en cumplimiento de las leyes aplicables, The Software puede estar obligado a revelar informaci\u00f3n de identificaci\u00f3n personal. Adem\u00e1s, The Software puede optar por monitorear varios canales de comunicaci\u00f3n (i) para cumplir con cualquier ley, regulaci\u00f3n o solicitud gubernamental; (ii) si dicha divulgaci\u00f3n es necesaria o apropiada para el funcionamiento de The Software; o (iii) para proteger los derechos o la propiedad de The Software u otros. En el caso de una posible venta o transferencia de cualquiera de sus intereses en The Software y The Software y otros sitios propiedad de la empresa, The Software se reserva el derecho de transferir o vender su informaci\u00f3n (incluido, entre otros, nombre, informaci\u00f3n de direcci\u00f3n y otra informaci\u00f3n que haya proporcionado a The Software) a un tercero que (i) se especialice en productos o servicios de comunicaci\u00f3n; (ii) acepta supeditar los intereses del Software al mantenimiento y protecci\u00f3n de la informaci\u00f3n recopilada; y (iii) consiente las obligaciones descritas en esta declaraci\u00f3n de pol\u00edtica.<\/p>\t\t\t\t\t\t\t\t<\/div>\n\t\t\t\t<\/div>\n\t\t\t\t<div class=\"elementor-element elementor-element-15faa56 elementor-widget elementor-widget-spacer\" data-id=\"15faa56\" data-element_type=\"widget\" data-e-type=\"widget\" data-widget_type=\"spacer.default\">\n\t\t\t\t<div class=\"elementor-widget-container\">\n\t\t\t\t\t\t\t<div class=\"elementor-spacer\">\n\t\t\t<div class=\"elementor-spacer-inner\"><\/div>\n\t\t<\/div>\n\t\t\t\t\t\t<\/div>\n\t\t\t\t<\/div>\n\t\t\t\t<\/div>\n\t\t\t\t\t<\/div>\n\t\t\t\t<\/div>\n\t\t\t\t<\/div>","protected":false},"excerpt":{"rendered":"<p>Privacy Policy By clicking &#8220;Continue,&#8221; you are granting us permission to send you emails regarding our offers. If you decide not to receive further emails, you can always opt out at any time by using the unsubscribe link located at the bottom of each email. Our software highly values the privacy of every individual who [&hellip;]<\/p>\n","protected":false},"author":1,"featured_media":0,"parent":0,"menu_order":0,"comment_status":"closed","ping_status":"closed","template":"elementor_header_footer","meta":{"footnotes":""},"class_list":["post-393","page","type-page","status-publish","hentry"],"_links":{"self":[{"href":"https:\/\/immediateedge.claims\/es\/wp-json\/wp\/v2\/pages\/393","targetHints":{"allow":["GET"]}}],"collection":[{"href":"https:\/\/immediateedge.claims\/es\/wp-json\/wp\/v2\/pages"}],"about":[{"href":"https:\/\/immediateedge.claims\/es\/wp-json\/wp\/v2\/types\/page"}],"author":[{"embeddable":true,"href":"https:\/\/immediateedge.claims\/es\/wp-json\/wp\/v2\/users\/1"}],"replies":[{"embeddable":true,"href":"https:\/\/immediateedge.claims\/es\/wp-json\/wp\/v2\/comments?post=393"}],"version-history":[{"count":37,"href":"https:\/\/immediateedge.claims\/es\/wp-json\/wp\/v2\/pages\/393\/revisions"}],"predecessor-version":[{"id":1284,"href":"https:\/\/immediateedge.claims\/es\/wp-json\/wp\/v2\/pages\/393\/revisions\/1284"}],"wp:attachment":[{"href":"https:\/\/immediateedge.claims\/es\/wp-json\/wp\/v2\/media?parent=393"}],"curies":[{"name":"wp","href":"https:\/\/api.w.org\/{rel}","templated":true}]}}