{"id":393,"date":"2023-09-06T10:11:24","date_gmt":"2023-09-06T10:11:24","guid":{"rendered":"https:\/\/immediateedge.claims\/?page_id=393"},"modified":"2025-04-22T12:09:15","modified_gmt":"2025-04-22T12:09:15","slug":"politique-de-confidentialite","status":"publish","type":"page","link":"https:\/\/immediateedge.claims\/fr\/privacy-policy\/","title":{"rendered":"politique de confidentialit\u00e9"},"content":{"rendered":"<div data-elementor-type=\"wp-page\" data-elementor-id=\"393\" class=\"elementor elementor-393\" data-elementor-post-type=\"page\">\n\t\t\t\t<div class=\"elementor-element elementor-element-8f3dcec e-flex e-con-boxed e-con e-parent\" data-id=\"8f3dcec\" data-element_type=\"container\" data-e-type=\"container\" data-settings=\"{&quot;background_background&quot;:&quot;classic&quot;}\">\n\t\t\t\t\t<div class=\"e-con-inner\">\n\t\t<div class=\"elementor-element elementor-element-16039ef e-con-full e-flex e-con e-child\" data-id=\"16039ef\" data-element_type=\"container\" data-e-type=\"container\">\n\t\t\t\t<div class=\"elementor-element elementor-element-d9b7d88 elementor-widget elementor-widget-spacer\" data-id=\"d9b7d88\" data-element_type=\"widget\" data-e-type=\"widget\" data-widget_type=\"spacer.default\">\n\t\t\t\t<div class=\"elementor-widget-container\">\n\t\t\t\t\t\t\t<div class=\"elementor-spacer\">\n\t\t\t<div class=\"elementor-spacer-inner\"><\/div>\n\t\t<\/div>\n\t\t\t\t\t\t<\/div>\n\t\t\t\t<\/div>\n\t\t\t\t<div class=\"elementor-element elementor-element-eeeaba4 animated-slow elementor-widget elementor-widget-heading\" data-id=\"eeeaba4\" data-element_type=\"widget\" data-e-type=\"widget\" data-settings=\"{&quot;_animation&quot;:&quot;none&quot;}\" data-widget_type=\"heading.default\">\n\t\t\t\t<div class=\"elementor-widget-container\">\n\t\t\t\t\t<h1 class=\"elementor-heading-title elementor-size-default\">\npolitique de confidentialit\u00e9<\/h1>\t\t\t\t<\/div>\n\t\t\t\t<\/div>\n\t\t\t\t<div class=\"elementor-element elementor-element-14e7644 elementor-widget elementor-widget-text-editor\" data-id=\"14e7644\" data-element_type=\"widget\" data-e-type=\"widget\" data-settings=\"{&quot;_animation&quot;:&quot;none&quot;}\" data-widget_type=\"text-editor.default\">\n\t\t\t\t<div class=\"elementor-widget-container\">\n\t\t\t\t\t\t\t\t\t<p>En cliquant sur \u00ab Continuer \u00bb, vous nous autorisez \u00e0 vous envoyer des e-mails concernant nos offres. Si vous d\u00e9cidez de ne plus recevoir d\u2019e-mails, vous pouvez toujours vous d\u00e9sinscrire \u00e0 tout moment en utilisant le lien de d\u00e9sabonnement situ\u00e9 au bas de chaque e-mail.<\/p><p>Notre logiciel accorde une grande importance \u00e0 la confidentialit\u00e9 de chaque personne qui visite nos sites Web. Cette d\u00e9claration de confidentialit\u00e9 sert d'avis sur les normes et conditions dans lesquelles nous prot\u00e9geons la confidentialit\u00e9 des informations fournies par les visiteurs des sites Web sur le World Wide Web que nous poss\u00e9dons et g\u00e9rons, y compris nos logiciels et services associ\u00e9s. Cette d\u00e9claration de confidentialit\u00e9 est destin\u00e9e \u00e0 vous informer de nos pratiques de collecte de donn\u00e9es et de la mani\u00e8re dont vos informations peuvent \u00eatre utilis\u00e9es. Veuillez noter que cette politique peut subir des modifications p\u00e9riodiques, nous vous encourageons donc \u00e0 consulter r\u00e9guli\u00e8rement ces informations pour les mises \u00e0 jour.<\/p>\t\t\t\t\t\t\t\t<\/div>\n\t\t\t\t<\/div>\n\t\t\t\t<div class=\"elementor-element elementor-element-991188c animated-slow elementor-widget elementor-widget-heading\" data-id=\"991188c\" data-element_type=\"widget\" data-e-type=\"widget\" data-settings=\"{&quot;_animation&quot;:&quot;none&quot;}\" data-widget_type=\"heading.default\">\n\t\t\t\t<div class=\"elementor-widget-container\">\n\t\t\t\t\t<h1 class=\"elementor-heading-title elementor-size-default\">\nInformations que nous collectons\n<\/h1>\t\t\t\t<\/div>\n\t\t\t\t<\/div>\n\t\t\t\t<div class=\"elementor-element elementor-element-ccfd7a8 elementor-widget elementor-widget-text-editor\" data-id=\"ccfd7a8\" data-element_type=\"widget\" data-e-type=\"widget\" data-settings=\"{&quot;_animation&quot;:&quot;none&quot;}\" data-widget_type=\"text-editor.default\">\n\t\t\t\t<div class=\"elementor-widget-container\">\n\t\t\t\t\t\t\t\t\t<p>Les informations personnelles que vous \u00eates invit\u00e9 \u00e0 fournir et les raisons pour lesquelles vous \u00eates invit\u00e9 \u00e0 les fournir vous seront clairement indiqu\u00e9es au moment o\u00f9 nous vous demanderons de fournir vos informations personnelles. Si vous nous contactez directement, nous pouvons recevoir des informations suppl\u00e9mentaires vous concernant, telles que votre nom, votre adresse e-mail, votre num\u00e9ro de t\u00e9l\u00e9phone, le contenu du message et\/ou des pi\u00e8ces jointes que vous pouvez nous envoyer, ainsi que toute autre information que vous pouvez choisir de fournir. Lorsque vous cr\u00e9ez un compte, nous pouvons vous demander vos coordonn\u00e9es, notamment des \u00e9l\u00e9ments tels que votre nom, le nom de votre entreprise, votre adresse, votre adresse e-mail et votre num\u00e9ro de t\u00e9l\u00e9phone.<\/p>\t\t\t\t\t\t\t\t<\/div>\n\t\t\t\t<\/div>\n\t\t\t\t<div class=\"elementor-element elementor-element-1dc72c9 animated-slow elementor-widget elementor-widget-heading\" data-id=\"1dc72c9\" data-element_type=\"widget\" data-e-type=\"widget\" data-settings=\"{&quot;_animation&quot;:&quot;none&quot;}\" data-widget_type=\"heading.default\">\n\t\t\t\t<div class=\"elementor-widget-container\">\n\t\t\t\t\t<h2 class=\"elementor-heading-title elementor-size-default\">A. Informations personnelles identifiables :<\/h2>\t\t\t\t<\/div>\n\t\t\t\t<\/div>\n\t\t\t\t<div class=\"elementor-element elementor-element-3e401dd elementor-widget elementor-widget-text-editor\" data-id=\"3e401dd\" data-element_type=\"widget\" data-e-type=\"widget\" data-settings=\"{&quot;_animation&quot;:&quot;none&quot;}\" data-widget_type=\"text-editor.default\">\n\t\t\t\t<div class=\"elementor-widget-container\">\n\t\t\t\t\t\t\t\t\t<p>Le Logiciel collecte g\u00e9n\u00e9ralement des donn\u00e9es sp\u00e9cifiques aupr\u00e8s des visiteurs du site Web lorsqu'elles sont fournies volontairement. Cela peut se produire lorsque les visiteurs demandent des informations, effectuent des achats, s'inscrivent \u00e0 des services, ouvrent des tickets d'assistance client, soumettent des CV pour des opportunit\u00e9s d'emploi ou envoient des e-mails. Certaines activit\u00e9s n\u00e9cessitent la fourniture d'informations, comme lors d'un achat, de l'utilisation d'une carte de cr\u00e9dit pour le paiement, de la soumission d'un CV ou de la demande de certains types d'informations. Lorsque des informations personnellement identifiables sont fournies au Logiciel via ses sites Web, elles sont utilis\u00e9es pour r\u00e9pondre \u00e0 des demandes sp\u00e9cifiques. Dans la plupart des cas, les visiteurs ont la possibilit\u00e9 de choisir s'ils souhaitent que le Logiciel utilise ces informations \u00e0 des fins suppl\u00e9mentaires. De plus, les visiteurs peuvent demander que le Logiciel n'utilise pas leurs informations en contactant support@fxrevenge.net. Cependant, le Logiciel se r\u00e9serve le droit, \u00e0 sa discr\u00e9tion, d'envoyer des bulletins et des informations importantes concernant les services. En l'absence d'instructions sp\u00e9cifiques, le Logiciel peut utiliser les informations fournies pour informer les visiteurs des services et produits suppl\u00e9mentaires propos\u00e9s par la famille de soci\u00e9t\u00e9s du Logiciel, les agents autoris\u00e9s et les fournisseurs de services affili\u00e9s. Le Logiciel ne vendra ni n'\u00e9changera d'informations personnelles identifiables, sauf autorisation ou obligation l\u00e9gale, ou en cas de pr\u00e9judice physique imminent pour le visiteur ou pour autrui. Sur les sites Web o\u00f9 les visiteurs peuvent fournir des informations de carte de cr\u00e9dit ou d'autres informations de commande en ligne, le Logiciel utilise des protocoles de s\u00e9curit\u00e9 et de cryptage Web standard, notamment Secure Socket Layer (SSL) et Secure Electronic Transaction (SET), pour prot\u00e9ger et s\u00e9curiser ces informations. Sur les sites o\u00f9 les visiteurs fournissent volontairement des commentaires, des donn\u00e9es, des r\u00e9ponses, des questions, des commentaires, des suggestions, des id\u00e9es ou des informations similaires, le Logiciel consid\u00e8re cette partie des informations comme non confidentielle et non exclusive. Sauf indication contraire dans la pr\u00e9sente d\u00e9claration de confidentialit\u00e9, le Logiciel n'assume aucune obligation de prot\u00e9ger ces informations contre toute divulgation.<\/p><p>Veuillez noter que les exemples fournis dans ces documents ne doivent pas \u00eatre interpr\u00e9t\u00e9s comme une promesse ou une garantie de revenus. Le potentiel de gain d\u00e9pend enti\u00e8rement de l'individu qui utilise le produit, des id\u00e9es, des techniques et des efforts qu'il fournit. Cela ne doit pas \u00eatre per\u00e7u comme un \u00ab stratag\u00e8me pour devenir riche \u00bb.<\/p>\t\t\t\t\t\t\t\t<\/div>\n\t\t\t\t<\/div>\n\t\t\t\t<div class=\"elementor-element elementor-element-48bc54d animated-slow elementor-widget elementor-widget-heading\" data-id=\"48bc54d\" data-element_type=\"widget\" data-e-type=\"widget\" data-settings=\"{&quot;_animation&quot;:&quot;none&quot;}\" data-widget_type=\"heading.default\">\n\t\t\t\t<div class=\"elementor-widget-container\">\n\t\t\t\t\t<h2 class=\"elementor-heading-title elementor-size-default\">B. Informations non personnellement identifiables (g\u00e9n\u00e9riques) :<\/h2>\t\t\t\t<\/div>\n\t\t\t\t<\/div>\n\t\t\t\t<div class=\"elementor-element elementor-element-1a47b6d elementor-widget elementor-widget-text-editor\" data-id=\"1a47b6d\" data-element_type=\"widget\" data-e-type=\"widget\" data-settings=\"{&quot;_animation&quot;:&quot;none&quot;}\" data-widget_type=\"text-editor.default\">\n\t\t\t\t<div class=\"elementor-widget-container\">\n\t\t\t\t\t\t\t\t\t<p>Le Logiciel collecte automatiquement certaines informations g\u00e9n\u00e9riques, qui ne r\u00e9v\u00e8lent pas l\u2019identit\u00e9 du visiteur. Ces informations comprennent g\u00e9n\u00e9ralement des d\u00e9tails sur l\u2019adresse Internet attribu\u00e9e \u00e0 l\u2019ordinateur du visiteur, le nombre et la fr\u00e9quence des visiteurs et les sites du Logiciel visit\u00e9s. Le but de la collecte de ces informations est d\u2019\u00e9valuer les besoins du service client et du site Web. Pour y parvenir, le Logiciel utilise diverses technologies, notamment les \u00ab cookies \u00bb, qui peuvent \u00eatre utilis\u00e9es pour fournir aux visiteurs des informations personnalis\u00e9es sur les services du Logiciel. Il est important de noter que le Logiciel ne combine pas ces informations collect\u00e9es avec des informations personnelles identifiables. Les visiteurs ont la possibilit\u00e9 de configurer leur navigateur pour recevoir des notifications lors de la r\u00e9ception d\u2019un cookie et peuvent choisir de le refuser.<\/p>\t\t\t\t\t\t\t\t<\/div>\n\t\t\t\t<\/div>\n\t\t\t\t<div class=\"elementor-element elementor-element-7f6bd05 animated-slow elementor-widget elementor-widget-heading\" data-id=\"7f6bd05\" data-element_type=\"widget\" data-e-type=\"widget\" data-settings=\"{&quot;_animation&quot;:&quot;none&quot;}\" data-widget_type=\"heading.default\">\n\t\t\t\t<div class=\"elementor-widget-container\">\n\t\t\t\t\t<h2 class=\"elementor-heading-title elementor-size-default\">\nC. Votre site Web h\u00e9berg\u00e9 par le logiciel, votre serveur, vos tableaux d'affichage, votre forum, vos sites tiers\u00a0:<\/h2>\t\t\t\t<\/div>\n\t\t\t\t<\/div>\n\t\t\t\t<div class=\"elementor-element elementor-element-d8ff337 elementor-widget elementor-widget-text-editor\" data-id=\"d8ff337\" data-element_type=\"widget\" data-e-type=\"widget\" data-settings=\"{&quot;_animation&quot;:&quot;none&quot;}\" data-widget_type=\"text-editor.default\">\n\t\t\t\t<div class=\"elementor-widget-container\">\n\t\t\t\t\t\t\t\t\t<p>Les informations que vous partagez dans un espace public, tel qu'un tableau d'affichage, une salle de discussion ou un site Web h\u00e9berg\u00e9 par The Software dans le cadre de vos services The Software, sont accessibles \u00e0 toute autre personne qui acc\u00e8de \u00e0 cet espace. The Software ne peut garantir la s\u00e9curit\u00e9 des informations que vous divulguez dans ces espaces. En outre, les sites Web de The Software peuvent contenir des liens vers des sites tiers qui ne sont pas affili\u00e9s \u00e0 The Software. Le Logiciel ne peut pas garantir la protection des informations que vous pourriez divulguer sur ces sites externes et vous sugg\u00e8re de consulter les d\u00e9clarations de politique de confidentialit\u00e9 de ces sites avant de les visiter.<\/p>\t\t\t\t\t\t\t\t<\/div>\n\t\t\t\t<\/div>\n\t\t\t\t<div class=\"elementor-element elementor-element-4ddf5dd animated-slow elementor-widget elementor-widget-heading\" data-id=\"4ddf5dd\" data-element_type=\"widget\" data-e-type=\"widget\" data-settings=\"{&quot;_animation&quot;:&quot;none&quot;}\" data-widget_type=\"heading.default\">\n\t\t\t\t<div class=\"elementor-widget-container\">\n\t\t\t\t\t<h2 class=\"elementor-heading-title elementor-size-default\">D. Exceptions et limitations :<\/h2>\t\t\t\t<\/div>\n\t\t\t\t<\/div>\n\t\t\t\t<div class=\"elementor-element elementor-element-e8e20ef elementor-widget elementor-widget-text-editor\" data-id=\"e8e20ef\" data-element_type=\"widget\" data-e-type=\"widget\" data-settings=\"{&quot;_animation&quot;:&quot;none&quot;}\" data-widget_type=\"text-editor.default\">\n\t\t\t\t<div class=\"elementor-widget-container\">\n\t\t\t\t\t\t\t\t\t<p>Fran\u00e7ais Malgr\u00e9 ce qui pr\u00e9c\u00e8de, et conform\u00e9ment aux lois en vigueur, Le Logiciel (i) coop\u00e8re pleinement avec les autorit\u00e9s nationales, locales et f\u00e9d\u00e9rales dans toute enqu\u00eate li\u00e9e \u00e0 tout contenu (y compris les communications \u00e9lectroniques personnelles ou priv\u00e9es transmises au Logiciel) ou aux activit\u00e9s ill\u00e9gales pr\u00e9sum\u00e9es de tout utilisateur du Service, et (ii) prend des mesures raisonnables pour prot\u00e9ger ses droits de propri\u00e9t\u00e9. Pour parvenir \u00e0 une telle coop\u00e9ration et \u00e0 de telles mesures et conform\u00e9ment aux lois applicables, Le Logiciel peut \u00eatre oblig\u00e9 de divulguer des informations personnelles identifiables. En outre, Le Logiciel peut choisir de surveiller divers canaux de communication (i) pour se conformer \u00e0 toute loi, r\u00e9glementation ou demande gouvernementale ; (ii) si une telle divulgation est n\u00e9cessaire ou appropri\u00e9e pour le fonctionnement du Logiciel ; ou (iii) pour prot\u00e9ger les droits ou la propri\u00e9t\u00e9 du Logiciel ou d'autres. En cas de vente ou de transfert potentiel de l'un de ses int\u00e9r\u00eats dans Le Logiciel et Le Logiciel et d'autres sites appartenant \u00e0 la soci\u00e9t\u00e9, Le Logiciel se r\u00e9serve le droit de transf\u00e9rer ou de vendre vos informations (y compris, mais sans s'y limiter, le nom, l'adresse et d'autres informations que vous avez fournies au Logiciel) \u00e0 un tiers qui (i) est sp\u00e9cialis\u00e9 dans les produits ou services de communication ; (ii) s\u2019engage \u00e0 d\u00e9fendre les int\u00e9r\u00eats du Logiciel en mati\u00e8re de maintenance et de protection des informations collect\u00e9es ; et (iii) consent aux obligations d\u00e9crites dans la pr\u00e9sente d\u00e9claration de politique.<\/p>\t\t\t\t\t\t\t\t<\/div>\n\t\t\t\t<\/div>\n\t\t\t\t<div class=\"elementor-element elementor-element-15faa56 elementor-widget elementor-widget-spacer\" data-id=\"15faa56\" data-element_type=\"widget\" data-e-type=\"widget\" data-widget_type=\"spacer.default\">\n\t\t\t\t<div class=\"elementor-widget-container\">\n\t\t\t\t\t\t\t<div class=\"elementor-spacer\">\n\t\t\t<div class=\"elementor-spacer-inner\"><\/div>\n\t\t<\/div>\n\t\t\t\t\t\t<\/div>\n\t\t\t\t<\/div>\n\t\t\t\t<\/div>\n\t\t\t\t\t<\/div>\n\t\t\t\t<\/div>\n\t\t\t\t<\/div>","protected":false},"excerpt":{"rendered":"<p>Privacy Policy By clicking &#8220;Continue,&#8221; you are granting us permission to send you emails regarding our offers. If you decide not to receive further emails, you can always opt out at any time by using the unsubscribe link located at the bottom of each email. Our software highly values the privacy of every individual who [&hellip;]<\/p>\n","protected":false},"author":1,"featured_media":0,"parent":0,"menu_order":0,"comment_status":"closed","ping_status":"closed","template":"elementor_header_footer","meta":{"footnotes":""},"class_list":["post-393","page","type-page","status-publish","hentry"],"_links":{"self":[{"href":"https:\/\/immediateedge.claims\/fr\/wp-json\/wp\/v2\/pages\/393","targetHints":{"allow":["GET"]}}],"collection":[{"href":"https:\/\/immediateedge.claims\/fr\/wp-json\/wp\/v2\/pages"}],"about":[{"href":"https:\/\/immediateedge.claims\/fr\/wp-json\/wp\/v2\/types\/page"}],"author":[{"embeddable":true,"href":"https:\/\/immediateedge.claims\/fr\/wp-json\/wp\/v2\/users\/1"}],"replies":[{"embeddable":true,"href":"https:\/\/immediateedge.claims\/fr\/wp-json\/wp\/v2\/comments?post=393"}],"version-history":[{"count":37,"href":"https:\/\/immediateedge.claims\/fr\/wp-json\/wp\/v2\/pages\/393\/revisions"}],"predecessor-version":[{"id":1284,"href":"https:\/\/immediateedge.claims\/fr\/wp-json\/wp\/v2\/pages\/393\/revisions\/1284"}],"wp:attachment":[{"href":"https:\/\/immediateedge.claims\/fr\/wp-json\/wp\/v2\/media?parent=393"}],"curies":[{"name":"wp","href":"https:\/\/api.w.org\/{rel}","templated":true}]}}